{"id":909,"date":"2023-07-11T08:36:22","date_gmt":"2023-07-11T08:36:22","guid":{"rendered":"https:\/\/www.christiania-pyrenees.com\/lista-de-precios\/"},"modified":"2025-07-10T07:57:55","modified_gmt":"2025-07-10T07:57:55","slug":"lista-de-precios","status":"publish","type":"page","link":"https:\/\/www.christiania-pyrenees.com\/es\/lista-de-precios\/","title":{"rendered":"Lista de precios"},"content":{"rendered":"[vc_row type=\u00bbfull_width_content\u00bb full_screen_row_position=\u00bbmiddle\u00bb column_margin=\u00bbdefault\u00bb column_direction=\u00bbdefault\u00bb column_direction_tablet=\u00bbdefault\u00bb column_direction_phone=\u00bbdefault\u00bb bg_color=\u00bb#262626&#8243; scene_position=\u00bbcenter\u00bb top_padding=\u00bb150&#8243; constrain_group_1=\u00bbyes\u00bb bottom_padding=\u00bb150&#8243; bottom_margin=\u00bb150&#8243; bottom_margin_phone=\u00bb0&#8243; text_color=\u00bblight\u00bb text_align=\u00bbcenter\u00bb row_border_radius=\u00bbnone\u00bb row_border_radius_applies=\u00bbbg\u00bb overflow=\u00bbvisible\u00bb enable_gradient=\u00bbtrue\u00bb color_overlay=\u00bb#000000&#8243; color_overlay_2=\u00bbrgba(0,0,0,0.01)\u00bb advanced_gradient_angle=\u00bb0&#8243; overlay_strength=\u00bb0.3&#8243; gradient_direction=\u00bbtop_to_bottom\u00bb shape_divider_position=\u00bbbottom\u00bb bg_image_animation=\u00bbnone\u00bb gradient_type=\u00bbdefault\u00bb shape_type=\u00bb\u00bb][vc_column column_padding=\u00bbno-extra-padding\u00bb column_padding_tablet=\u00bbinherit\u00bb column_padding_phone=\u00bbinherit\u00bb column_padding_position=\u00bball\u00bb column_element_direction_desktop=\u00bbdefault\u00bb column_element_spacing=\u00bbdefault\u00bb desktop_text_alignment=\u00bbdefault\u00bb tablet_text_alignment=\u00bbdefault\u00bb phone_text_alignment=\u00bbdefault\u00bb background_color_opacity=\u00bb1&#8243; background_hover_color_opacity=\u00bb1&#8243; column_backdrop_filter=\u00bbnone\u00bb column_shadow=\u00bbnone\u00bb column_border_radius=\u00bbnone\u00bb column_link_target=\u00bb_self\u00bb column_position=\u00bbdefault\u00bb gradient_direction=\u00bbleft_to_right\u00bb overlay_strength=\u00bb0.3&#8243; width=\u00bb1\/4&#8243; tablet_width_inherit=\u00bbdefault\u00bb animation_type=\u00bbdefault\u00bb bg_image_animation=\u00bbnone\u00bb border_type=\u00bbsimple\u00bb column_border_width=\u00bbnone\u00bb column_border_style=\u00bbsolid\u00bb][\/vc_column][vc_column column_padding=\u00bbno-extra-padding\u00bb column_padding_tablet=\u00bbinherit\u00bb column_padding_phone=\u00bbpadding-6-percent\u00bb column_padding_position=\u00bball\u00bb column_element_direction_desktop=\u00bbdefault\u00bb column_element_spacing=\u00bbdefault\u00bb desktop_text_alignment=\u00bbdefault\u00bb tablet_text_alignment=\u00bbdefault\u00bb phone_text_alignment=\u00bbdefault\u00bb background_color_opacity=\u00bb1&#8243; background_hover_color_opacity=\u00bb1&#8243; column_backdrop_filter=\u00bbnone\u00bb column_shadow=\u00bbnone\u00bb column_border_radius=\u00bbnone\u00bb column_link_target=\u00bb_self\u00bb column_position=\u00bbdefault\u00bb advanced_gradient_angle=\u00bb0&#8243; gradient_direction=\u00bbleft_to_right\u00bb overlay_strength=\u00bb0.3&#8243; width=\u00bb1\/2&#8243; tablet_width_inherit=\u00bbdefault\u00bb animation_type=\u00bbdefault\u00bb bg_image_animation=\u00bbnone\u00bb border_type=\u00bbsimple\u00bb column_border_width=\u00bbnone\u00bb column_border_style=\u00bbsolid\u00bb gradient_type=\u00bbdefault\u00bb][vc_column_text el_class=\u00bbintro-text\u00bb]\n<h1 class=\"ftitle\" style=\"text-align: center;\">Lista de precios<\/h1>\n[\/vc_column_text][nectar_btn size=\u00bblarge\u00bb open_new_tab=\u00bbtrue\u00bb button_style=\u00bbregular\u00bb button_color_2=\u00bbAccent-Color\u00bb icon_family=\u00bbnone\u00bb text=\u00bbReserva su estancia\u00bb url=\u00bbhttps:\/\/secure.reservit.com\/reservit\/reserhotel.php?lang=ES&amp;id=2&amp;hotelid=447277&#8243;][\/vc_column][vc_column column_padding=\u00bbno-extra-padding\u00bb column_padding_tablet=\u00bbinherit\u00bb column_padding_phone=\u00bbinherit\u00bb column_padding_position=\u00bball\u00bb column_element_direction_desktop=\u00bbdefault\u00bb column_element_spacing=\u00bbdefault\u00bb desktop_text_alignment=\u00bbdefault\u00bb tablet_text_alignment=\u00bbdefault\u00bb phone_text_alignment=\u00bbdefault\u00bb background_color_opacity=\u00bb1&#8243; background_hover_color_opacity=\u00bb1&#8243; column_backdrop_filter=\u00bbnone\u00bb column_shadow=\u00bbnone\u00bb column_border_radius=\u00bbnone\u00bb column_link_target=\u00bb_self\u00bb column_position=\u00bbdefault\u00bb gradient_direction=\u00bbleft_to_right\u00bb overlay_strength=\u00bb0.3&#8243; width=\u00bb1\/4&#8243; tablet_width_inherit=\u00bbdefault\u00bb animation_type=\u00bbdefault\u00bb bg_image_animation=\u00bbnone\u00bb border_type=\u00bbsimple\u00bb column_border_width=\u00bbnone\u00bb column_border_style=\u00bbsolid\u00bb][\/vc_column][\/vc_row][vc_row type=\u00bbin_container\u00bb full_screen_row_position=\u00bbmiddle\u00bb column_margin=\u00bbdefault\u00bb column_direction=\u00bbdefault\u00bb column_direction_tablet=\u00bbdefault\u00bb column_direction_phone=\u00bbdefault\u00bb scene_position=\u00bbcenter\u00bb bottom_padding=\u00bb150&#8243; text_color=\u00bbdark\u00bb text_align=\u00bbleft\u00bb row_border_radius=\u00bbnone\u00bb row_border_radius_applies=\u00bbbg\u00bb overflow=\u00bbvisible\u00bb overlay_strength=\u00bb0.3&#8243; gradient_direction=\u00bbleft_to_right\u00bb shape_divider_position=\u00bbbottom\u00bb bg_image_animation=\u00bbnone\u00bb gradient_type=\u00bbdefault\u00bb shape_type=\u00bb\u00bb][vc_column column_padding=\u00bbno-extra-padding\u00bb column_padding_tablet=\u00bbinherit\u00bb column_padding_phone=\u00bbinherit\u00bb column_padding_position=\u00bball\u00bb column_element_direction_desktop=\u00bbdefault\u00bb column_element_spacing=\u00bbdefault\u00bb desktop_text_alignment=\u00bbdefault\u00bb tablet_text_alignment=\u00bbdefault\u00bb phone_text_alignment=\u00bbdefault\u00bb background_color_opacity=\u00bb1&#8243; background_hover_color_opacity=\u00bb1&#8243; column_backdrop_filter=\u00bbnone\u00bb column_shadow=\u00bbnone\u00bb column_border_radius=\u00bbnone\u00bb column_link_target=\u00bb_self\u00bb column_position=\u00bbdefault\u00bb gradient_direction=\u00bbleft_to_right\u00bb overlay_strength=\u00bb0.3&#8243; width=\u00bb1\/1&#8243; tablet_width_inherit=\u00bbdefault\u00bb animation_type=\u00bbdefault\u00bb bg_image_animation=\u00bbnone\u00bb border_type=\u00bbsimple\u00bb column_border_width=\u00bbnone\u00bb column_border_style=\u00bbsolid\u00bb][vc_column_text]\n<table>\n<tbody>\n<tr>\n<th>Habitaciones<\/th>\n<th>N\u00famero de personas<\/th>\n<th>Precios<\/th>\n<\/tr>\n<tr>\n<td>Habitaci\u00f3n doble \/ twin<\/td>\n<td><span class=\"pers\">1<\/span> o <span class=\"pers\">1<\/span><span class=\"pers\">1<\/span><\/td>\n<td>De 153 a 196 euros \/ noche con media pensi\u00f3n<\/td>\n<\/tr>\n<tr>\n<td>Triple habitaci\u00f3n<\/td>\n<td><span class=\"pers\">1<\/span><span class=\"pers\">1<\/span><span class=\"pers\">1<\/span><\/td>\n<td>De 196 a 255 euros \/ noche con media pensi\u00f3n<\/td>\n<\/tr>\n<tr>\n<td>Habitaci\u00f3n cu\u00e1druple<\/td>\n<td><span class=\"pers\">1<\/span><span class=\"pers\">1<\/span><span class=\"pers\">1<\/span><span class=\"pers\">1<\/span><\/td>\n<td>De 244 \u20ac a 310 \u20ac \/ noche con media pensi\u00f3n<\/td>\n<\/tr>\n<tr>\n<td>Habitaci\u00f3n para 5\/6 personas<\/td>\n<td><span class=\"pers\">1<\/span><span class=\"pers\">1<\/span><span class=\"pers\">1<\/span><span class=\"pers\">1<\/span><span class=\"pers\">1<\/span><br \/>\n<span class=\"pers\">1<\/span><span class=\"pers\">1<\/span><span class=\"pers\">1<\/span><span class=\"pers\">1<\/span><span class=\"pers\">1<\/span><span class=\"pers\">1<\/span><\/td>\n<td>De 284 a 373 euros \/ noche con media pensi\u00f3n<br \/>\nDe 324 a 406 euros \/ noche con media pensi\u00f3n<\/td>\n<\/tr>\n<tr>\n<td>Habitaci\u00f3n j\u00fanior (2 Adlt. y 1 ni\u00f1o)<\/td>\n<td><span class=\"pers\">1<\/span><span class=\"pers\">1<\/span><span class=\"pers\">1<\/span><\/td>\n<td>De 180 a 227 euros \/ noche con media pensi\u00f3n<\/td>\n<\/tr>\n<tr>\n<td>PMR Comfort Habitaci\u00f3n Doble<\/td>\n<td><span class=\"pers\">1<\/span><span class=\"pers\">1<\/span><\/td>\n<td>De 153 a 186 euros \/ noche con media pensi\u00f3n<\/td>\n<\/tr>\n<\/tbody>\n<\/table>\n[\/vc_column_text][\/vc_column][\/vc_row]\n","protected":false},"excerpt":{"rendered":"<p>[vc_row type=\u00bbfull_width_content\u00bb full_screen_row_position=\u00bbmiddle\u00bb column_margin=\u00bbdefault\u00bb column_direction=\u00bbdefault\u00bb column_direction_tablet=\u00bbdefault\u00bb column_direction_phone=\u00bbdefault\u00bb bg_color=\u00bb#262626&#8243; scene_position=\u00bbcenter\u00bb top_padding=\u00bb150&#8243; constrain_group_1=\u00bbyes\u00bb bottom_padding=\u00bb150&#8243; bottom_margin=\u00bb150&#8243; bottom_margin_phone=\u00bb0&#8243; text_color=\u00bblight\u00bb text_align=\u00bbcenter\u00bb row_border_radius=\u00bbnone\u00bb row_border_radius_applies=\u00bbbg\u00bb overflow=\u00bbvisible\u00bb enable_gradient=\u00bbtrue\u00bb color_overlay=\u00bb#000000&#8243; color_overlay_2=\u00bbrgba(0,0,0,0.01)\u00bb advanced_gradient_angle=\u00bb0&#8243; overlay_strength=\u00bb0.3&#8243; gradient_direction=\u00bbtop_to_bottom\u00bb shape_divider_position=\u00bbbottom\u00bb bg_image_animation=\u00bbnone\u00bb gradient_type=\u00bbdefault\u00bb shape_type=\u00bb\u00bb][vc_column column_padding=\u00bbno-extra-padding\u00bb&#8230;<\/p>\n","protected":false},"author":1,"featured_media":0,"parent":0,"menu_order":0,"comment_status":"closed","ping_status":"closed","template":"","meta":{"inline_featured_image":false,"footnotes":""},"class_list":["post-909","page","type-page","status-publish"],"yoast_head":"<!-- This site is optimized with the Yoast SEO plugin v23.8 - https:\/\/yoast.com\/wordpress\/plugins\/seo\/ -->\n<title>Lista de precios - H\u00f4tel Le Christiania<\/title>\n<meta name=\"robots\" content=\"index, follow, max-snippet:-1, max-image-preview:large, max-video-preview:-1\" \/>\n<link rel=\"canonical\" href=\"https:\/\/www.christiania-pyrenees.com\/es\/lista-de-precios\/\" \/>\n<meta property=\"og:locale\" content=\"es_ES\" \/>\n<meta property=\"og:type\" content=\"article\" \/>\n<meta property=\"og:title\" content=\"Lista de precios - H\u00f4tel Le Christiania\" \/>\n<meta property=\"og:description\" content=\"[vc_row type=\u00bbfull_width_content\u00bb full_screen_row_position=\u00bbmiddle\u00bb column_margin=\u00bbdefault\u00bb column_direction=\u00bbdefault\u00bb column_direction_tablet=\u00bbdefault\u00bb column_direction_phone=\u00bbdefault\u00bb bg_color=\u00bb#262626&#8243; scene_position=\u00bbcenter\u00bb top_padding=\u00bb150&#8243; constrain_group_1=\u00bbyes\u00bb bottom_padding=\u00bb150&#8243; bottom_margin=\u00bb150&#8243; bottom_margin_phone=\u00bb0&#8243; text_color=\u00bblight\u00bb text_align=\u00bbcenter\u00bb row_border_radius=\u00bbnone\u00bb row_border_radius_applies=\u00bbbg\u00bb overflow=\u00bbvisible\u00bb enable_gradient=\u00bbtrue\u00bb color_overlay=\u00bb#000000&#8243; color_overlay_2=\u00bbrgba(0,0,0,0.01)\u00bb advanced_gradient_angle=\u00bb0&#8243; overlay_strength=\u00bb0.3&#8243; gradient_direction=\u00bbtop_to_bottom\u00bb shape_divider_position=\u00bbbottom\u00bb bg_image_animation=\u00bbnone\u00bb gradient_type=\u00bbdefault\u00bb shape_type=\u00bb\u00bb][vc_column column_padding=\u00bbno-extra-padding\u00bb...\" \/>\n<meta property=\"og:url\" content=\"https:\/\/www.christiania-pyrenees.com\/es\/lista-de-precios\/\" \/>\n<meta property=\"og:site_name\" content=\"H\u00f4tel Le Christiania\" \/>\n<meta property=\"article:publisher\" content=\"https:\/\/www.facebook.com\/pages\/Htel-le-Christiania\/421636391524608\" \/>\n<meta property=\"article:modified_time\" content=\"2025-07-10T07:57:55+00:00\" \/>\n<meta name=\"twitter:card\" content=\"summary_large_image\" \/>\n<meta name=\"twitter:label1\" content=\"Tiempo de lectura\" \/>\n\t<meta name=\"twitter:data1\" content=\"2 minutos\" \/>\n<script type=\"application\/ld+json\" class=\"yoast-schema-graph\">{\"@context\":\"https:\/\/schema.org\",\"@graph\":[{\"@type\":\"WebPage\",\"@id\":\"https:\/\/www.christiania-pyrenees.com\/es\/lista-de-precios\/\",\"url\":\"https:\/\/www.christiania-pyrenees.com\/es\/lista-de-precios\/\",\"name\":\"Lista de precios - H\u00f4tel Le Christiania\",\"isPartOf\":{\"@id\":\"https:\/\/www.christiania-pyrenees.com\/#website\"},\"datePublished\":\"2023-07-11T08:36:22+00:00\",\"dateModified\":\"2025-07-10T07:57:55+00:00\",\"breadcrumb\":{\"@id\":\"https:\/\/www.christiania-pyrenees.com\/es\/lista-de-precios\/#breadcrumb\"},\"inLanguage\":\"es\",\"potentialAction\":[{\"@type\":\"ReadAction\",\"target\":[\"https:\/\/www.christiania-pyrenees.com\/es\/lista-de-precios\/\"]}]},{\"@type\":\"BreadcrumbList\",\"@id\":\"https:\/\/www.christiania-pyrenees.com\/es\/lista-de-precios\/#breadcrumb\",\"itemListElement\":[{\"@type\":\"ListItem\",\"position\":1,\"name\":\"Accueil\",\"item\":\"https:\/\/www.christiania-pyrenees.com\/es\/\"},{\"@type\":\"ListItem\",\"position\":2,\"name\":\"Lista de precios\"}]},{\"@type\":\"WebSite\",\"@id\":\"https:\/\/www.christiania-pyrenees.com\/#website\",\"url\":\"https:\/\/www.christiania-pyrenees.com\/\",\"name\":\"H\u00f4tel Le Christiania\",\"description\":\"H\u00f4tel 3 \u00e9toiles \u00e0 Saint-Lary Soulan\",\"publisher\":{\"@id\":\"https:\/\/www.christiania-pyrenees.com\/#organization\"},\"potentialAction\":[{\"@type\":\"SearchAction\",\"target\":{\"@type\":\"EntryPoint\",\"urlTemplate\":\"https:\/\/www.christiania-pyrenees.com\/?s={search_term_string}\"},\"query-input\":{\"@type\":\"PropertyValueSpecification\",\"valueRequired\":true,\"valueName\":\"search_term_string\"}}],\"inLanguage\":\"es\"},{\"@type\":\"Organization\",\"@id\":\"https:\/\/www.christiania-pyrenees.com\/#organization\",\"name\":\"H\u00f4tel Le Christiania\",\"url\":\"https:\/\/www.christiania-pyrenees.com\/\",\"logo\":{\"@type\":\"ImageObject\",\"inLanguage\":\"es\",\"@id\":\"https:\/\/www.christiania-pyrenees.com\/#\/schema\/logo\/image\/\",\"url\":\"https:\/\/www.christiania-pyrenees.com\/wp-content\/uploads\/2022\/08\/cropped-FavIcon_Christiania.png\",\"contentUrl\":\"https:\/\/www.christiania-pyrenees.com\/wp-content\/uploads\/2022\/08\/cropped-FavIcon_Christiania.png\",\"width\":512,\"height\":512,\"caption\":\"H\u00f4tel Le Christiania\"},\"image\":{\"@id\":\"https:\/\/www.christiania-pyrenees.com\/#\/schema\/logo\/image\/\"},\"sameAs\":[\"https:\/\/www.facebook.com\/pages\/Htel-le-Christiania\/421636391524608\",\"https:\/\/www.instagram.com\/hotel_le_christiania_st_lary\/\"]}]}<\/script>\n<!-- \/ Yoast SEO plugin. -->","yoast_head_json":{"title":"Lista de precios - H\u00f4tel Le Christiania","robots":{"index":"index","follow":"follow","max-snippet":"max-snippet:-1","max-image-preview":"max-image-preview:large","max-video-preview":"max-video-preview:-1"},"canonical":"https:\/\/www.christiania-pyrenees.com\/es\/lista-de-precios\/","og_locale":"es_ES","og_type":"article","og_title":"Lista de precios - H\u00f4tel Le Christiania","og_description":"[vc_row type=\u00bbfull_width_content\u00bb full_screen_row_position=\u00bbmiddle\u00bb column_margin=\u00bbdefault\u00bb column_direction=\u00bbdefault\u00bb column_direction_tablet=\u00bbdefault\u00bb column_direction_phone=\u00bbdefault\u00bb bg_color=\u00bb#262626&#8243; scene_position=\u00bbcenter\u00bb top_padding=\u00bb150&#8243; constrain_group_1=\u00bbyes\u00bb bottom_padding=\u00bb150&#8243; bottom_margin=\u00bb150&#8243; bottom_margin_phone=\u00bb0&#8243; text_color=\u00bblight\u00bb text_align=\u00bbcenter\u00bb row_border_radius=\u00bbnone\u00bb row_border_radius_applies=\u00bbbg\u00bb overflow=\u00bbvisible\u00bb enable_gradient=\u00bbtrue\u00bb color_overlay=\u00bb#000000&#8243; color_overlay_2=\u00bbrgba(0,0,0,0.01)\u00bb advanced_gradient_angle=\u00bb0&#8243; overlay_strength=\u00bb0.3&#8243; gradient_direction=\u00bbtop_to_bottom\u00bb shape_divider_position=\u00bbbottom\u00bb bg_image_animation=\u00bbnone\u00bb gradient_type=\u00bbdefault\u00bb shape_type=\u00bb\u00bb][vc_column column_padding=\u00bbno-extra-padding\u00bb...","og_url":"https:\/\/www.christiania-pyrenees.com\/es\/lista-de-precios\/","og_site_name":"H\u00f4tel Le Christiania","article_publisher":"https:\/\/www.facebook.com\/pages\/Htel-le-Christiania\/421636391524608","article_modified_time":"2025-07-10T07:57:55+00:00","twitter_card":"summary_large_image","twitter_misc":{"Tiempo de lectura":"2 minutos"},"schema":{"@context":"https:\/\/schema.org","@graph":[{"@type":"WebPage","@id":"https:\/\/www.christiania-pyrenees.com\/es\/lista-de-precios\/","url":"https:\/\/www.christiania-pyrenees.com\/es\/lista-de-precios\/","name":"Lista de precios - H\u00f4tel Le Christiania","isPartOf":{"@id":"https:\/\/www.christiania-pyrenees.com\/#website"},"datePublished":"2023-07-11T08:36:22+00:00","dateModified":"2025-07-10T07:57:55+00:00","breadcrumb":{"@id":"https:\/\/www.christiania-pyrenees.com\/es\/lista-de-precios\/#breadcrumb"},"inLanguage":"es","potentialAction":[{"@type":"ReadAction","target":["https:\/\/www.christiania-pyrenees.com\/es\/lista-de-precios\/"]}]},{"@type":"BreadcrumbList","@id":"https:\/\/www.christiania-pyrenees.com\/es\/lista-de-precios\/#breadcrumb","itemListElement":[{"@type":"ListItem","position":1,"name":"Accueil","item":"https:\/\/www.christiania-pyrenees.com\/es\/"},{"@type":"ListItem","position":2,"name":"Lista de precios"}]},{"@type":"WebSite","@id":"https:\/\/www.christiania-pyrenees.com\/#website","url":"https:\/\/www.christiania-pyrenees.com\/","name":"H\u00f4tel Le Christiania","description":"H\u00f4tel 3 \u00e9toiles \u00e0 Saint-Lary Soulan","publisher":{"@id":"https:\/\/www.christiania-pyrenees.com\/#organization"},"potentialAction":[{"@type":"SearchAction","target":{"@type":"EntryPoint","urlTemplate":"https:\/\/www.christiania-pyrenees.com\/?s={search_term_string}"},"query-input":{"@type":"PropertyValueSpecification","valueRequired":true,"valueName":"search_term_string"}}],"inLanguage":"es"},{"@type":"Organization","@id":"https:\/\/www.christiania-pyrenees.com\/#organization","name":"H\u00f4tel Le Christiania","url":"https:\/\/www.christiania-pyrenees.com\/","logo":{"@type":"ImageObject","inLanguage":"es","@id":"https:\/\/www.christiania-pyrenees.com\/#\/schema\/logo\/image\/","url":"https:\/\/www.christiania-pyrenees.com\/wp-content\/uploads\/2022\/08\/cropped-FavIcon_Christiania.png","contentUrl":"https:\/\/www.christiania-pyrenees.com\/wp-content\/uploads\/2022\/08\/cropped-FavIcon_Christiania.png","width":512,"height":512,"caption":"H\u00f4tel Le Christiania"},"image":{"@id":"https:\/\/www.christiania-pyrenees.com\/#\/schema\/logo\/image\/"},"sameAs":["https:\/\/www.facebook.com\/pages\/Htel-le-Christiania\/421636391524608","https:\/\/www.instagram.com\/hotel_le_christiania_st_lary\/"]}]}},"_links":{"self":[{"href":"https:\/\/www.christiania-pyrenees.com\/es\/wp-json\/wp\/v2\/pages\/909","targetHints":{"allow":["GET"]}}],"collection":[{"href":"https:\/\/www.christiania-pyrenees.com\/es\/wp-json\/wp\/v2\/pages"}],"about":[{"href":"https:\/\/www.christiania-pyrenees.com\/es\/wp-json\/wp\/v2\/types\/page"}],"author":[{"embeddable":true,"href":"https:\/\/www.christiania-pyrenees.com\/es\/wp-json\/wp\/v2\/users\/1"}],"replies":[{"embeddable":true,"href":"https:\/\/www.christiania-pyrenees.com\/es\/wp-json\/wp\/v2\/comments?post=909"}],"version-history":[{"count":6,"href":"https:\/\/www.christiania-pyrenees.com\/es\/wp-json\/wp\/v2\/pages\/909\/revisions"}],"predecessor-version":[{"id":1032,"href":"https:\/\/www.christiania-pyrenees.com\/es\/wp-json\/wp\/v2\/pages\/909\/revisions\/1032"}],"wp:attachment":[{"href":"https:\/\/www.christiania-pyrenees.com\/es\/wp-json\/wp\/v2\/media?parent=909"}],"curies":[{"name":"wp","href":"https:\/\/api.w.org\/{rel}","templated":true}]}}