{"id":743,"date":"2022-08-27T15:41:38","date_gmt":"2022-08-27T15:41:38","guid":{"rendered":"https:\/\/christiania.novae.website\/cgv\/"},"modified":"2025-11-06T08:22:29","modified_gmt":"2025-11-06T08:22:29","slug":"cgv","status":"publish","type":"page","link":"https:\/\/www.christiania-pyrenees.com\/es\/cgv\/","title":{"rendered":"CGV"},"content":{"rendered":"[vc_row type=\u00bbfull_width_content\u00bb full_screen_row_position=\u00bbmiddle\u00bb column_margin=\u00bbdefault\u00bb column_direction=\u00bbdefault\u00bb column_direction_tablet=\u00bbdefault\u00bb column_direction_phone=\u00bbdefault\u00bb bg_color=\u00bb#262626&#8243; scene_position=\u00bbcenter\u00bb top_padding=\u00bb150&#8243; constrain_group_1=\u00bbyes\u00bb bottom_padding=\u00bb150&#8243; bottom_margin=\u00bb50&#8243; bottom_margin_phone=\u00bb0&#8243; text_color=\u00bblight\u00bb text_align=\u00bbcenter\u00bb row_border_radius=\u00bbnone\u00bb row_border_radius_applies=\u00bbbg\u00bb overflow=\u00bbvisible\u00bb enable_gradient=\u00bbtrue\u00bb color_overlay=\u00bb#000000&#8243; color_overlay_2=\u00bbrgba(0,0,0,0.01)\u00bb advanced_gradient_angle=\u00bb0&#8243; overlay_strength=\u00bb0.3&#8243; gradient_direction=\u00bbtop_to_bottom\u00bb shape_divider_position=\u00bbbottom\u00bb bg_image_animation=\u00bbnone\u00bb gradient_type=\u00bbdefault\u00bb shape_type=\u00bb\u00bb][vc_column column_padding=\u00bbno-extra-padding\u00bb column_padding_tablet=\u00bbinherit\u00bb column_padding_phone=\u00bbinherit\u00bb column_padding_position=\u00bball\u00bb column_element_direction_desktop=\u00bbdefault\u00bb column_element_spacing=\u00bbdefault\u00bb desktop_text_alignment=\u00bbdefault\u00bb tablet_text_alignment=\u00bbdefault\u00bb phone_text_alignment=\u00bbdefault\u00bb background_color_opacity=\u00bb1&#8243; background_hover_color_opacity=\u00bb1&#8243; column_backdrop_filter=\u00bbnone\u00bb column_shadow=\u00bbnone\u00bb column_border_radius=\u00bbnone\u00bb column_link_target=\u00bb_self\u00bb column_position=\u00bbdefault\u00bb gradient_direction=\u00bbleft_to_right\u00bb overlay_strength=\u00bb0.3&#8243; width=\u00bb1\/4&#8243; tablet_width_inherit=\u00bbdefault\u00bb animation_type=\u00bbdefault\u00bb bg_image_animation=\u00bbnone\u00bb border_type=\u00bbsimple\u00bb column_border_width=\u00bbnone\u00bb column_border_style=\u00bbsolid\u00bb][\/vc_column][vc_column column_padding=\u00bbno-extra-padding\u00bb column_padding_tablet=\u00bbinherit\u00bb column_padding_phone=\u00bbpadding-6-percent\u00bb column_padding_position=\u00bball\u00bb column_element_direction_desktop=\u00bbdefault\u00bb column_element_spacing=\u00bbdefault\u00bb desktop_text_alignment=\u00bbdefault\u00bb tablet_text_alignment=\u00bbdefault\u00bb phone_text_alignment=\u00bbdefault\u00bb background_color_opacity=\u00bb1&#8243; background_hover_color_opacity=\u00bb1&#8243; column_backdrop_filter=\u00bbnone\u00bb column_shadow=\u00bbnone\u00bb column_border_radius=\u00bbnone\u00bb column_link_target=\u00bb_self\u00bb column_position=\u00bbdefault\u00bb advanced_gradient_angle=\u00bb0&#8243; gradient_direction=\u00bbleft_to_right\u00bb overlay_strength=\u00bb0.3&#8243; width=\u00bb1\/2&#8243; tablet_width_inherit=\u00bbdefault\u00bb animation_type=\u00bbdefault\u00bb bg_image_animation=\u00bbnone\u00bb border_type=\u00bbsimple\u00bb column_border_width=\u00bbnone\u00bb column_border_style=\u00bbsolid\u00bb gradient_type=\u00bbdefault\u00bb][vc_column_text el_class=\u00bbintro-text\u00bb]\n<h1 class=\"ftitle\" style=\"text-align: center;\">CGV<\/h1>\n[\/vc_column_text][\/vc_column][vc_column column_padding=\u00bbno-extra-padding\u00bb column_padding_tablet=\u00bbinherit\u00bb column_padding_phone=\u00bbinherit\u00bb column_padding_position=\u00bball\u00bb column_element_direction_desktop=\u00bbdefault\u00bb column_element_spacing=\u00bbdefault\u00bb desktop_text_alignment=\u00bbdefault\u00bb tablet_text_alignment=\u00bbdefault\u00bb phone_text_alignment=\u00bbdefault\u00bb background_color_opacity=\u00bb1&#8243; background_hover_color_opacity=\u00bb1&#8243; column_backdrop_filter=\u00bbnone\u00bb column_shadow=\u00bbnone\u00bb column_border_radius=\u00bbnone\u00bb column_link_target=\u00bb_self\u00bb column_position=\u00bbdefault\u00bb gradient_direction=\u00bbleft_to_right\u00bb overlay_strength=\u00bb0.3&#8243; width=\u00bb1\/4&#8243; tablet_width_inherit=\u00bbdefault\u00bb animation_type=\u00bbdefault\u00bb bg_image_animation=\u00bbnone\u00bb border_type=\u00bbsimple\u00bb column_border_width=\u00bbnone\u00bb column_border_style=\u00bbsolid\u00bb][\/vc_column][\/vc_row][vc_row type=\u00bbin_container\u00bb full_screen_row_position=\u00bbmiddle\u00bb column_margin=\u00bbdefault\u00bb column_direction=\u00bbdefault\u00bb column_direction_tablet=\u00bbdefault\u00bb column_direction_phone=\u00bbdefault\u00bb scene_position=\u00bbcenter\u00bb text_color=\u00bbdark\u00bb text_align=\u00bbleft\u00bb row_border_radius=\u00bbnone\u00bb row_border_radius_applies=\u00bbbg\u00bb overflow=\u00bbvisible\u00bb overlay_strength=\u00bb0.3&#8243; gradient_direction=\u00bbleft_to_right\u00bb shape_divider_position=\u00bbbottom\u00bb bg_image_animation=\u00bbnone\u00bb][vc_column column_padding=\u00bbno-extra-padding\u00bb column_padding_tablet=\u00bbinherit\u00bb column_padding_phone=\u00bbinherit\u00bb column_padding_position=\u00bball\u00bb column_element_direction_desktop=\u00bbdefault\u00bb column_element_spacing=\u00bbdefault\u00bb desktop_text_alignment=\u00bbdefault\u00bb tablet_text_alignment=\u00bbdefault\u00bb phone_text_alignment=\u00bbdefault\u00bb background_color_opacity=\u00bb1&#8243; background_hover_color_opacity=\u00bb1&#8243; column_backdrop_filter=\u00bbnone\u00bb column_shadow=\u00bbnone\u00bb column_border_radius=\u00bbnone\u00bb column_link_target=\u00bb_self\u00bb column_position=\u00bbdefault\u00bb gradient_direction=\u00bbleft_to_right\u00bb overlay_strength=\u00bb0.3&#8243; width=\u00bb1\/1&#8243; tablet_width_inherit=\u00bbdefault\u00bb animation_type=\u00bbdefault\u00bb bg_image_animation=\u00bbnone\u00bb border_type=\u00bbsimple\u00bb column_border_width=\u00bbnone\u00bb column_border_style=\u00bbsolid\u00bb][vc_column_text]Las condiciones generales de venta forman un conjunto que forma parte integrante del contrato de reserva de habitaci\u00f3n y cuya aceptaci\u00f3n global es obligatoria antes de formalizar cualquier reserva. La solicitud de reserva implica la adhesi\u00f3n a las presentes condiciones generales de venta y la aceptaci\u00f3n total y sin reservas de sus disposiciones.<\/p>\n<p><strong>Seguro de cancelaci\u00f3n<\/strong><\/p>\n<p>Con el seguro de cancelaci\u00f3n, puede cancelar gratis en cualquier momento (solo se le cobrar\u00e1n las tarifas del seguro).<\/p>\n<p>&nbsp;<\/p>\n<p><strong>Solicitud<\/strong><br \/>\nLas presentes condiciones generales de venta se aplican a las reservas de habitaciones con o sin desayuno, media pensi\u00f3n o pensi\u00f3n completa y a los servicios adicionales consumidos in situ durante el periodo de estancia en el hotel. Las presentes condiciones generales de venta las concluye el Hotel Le Christiania Saint Lary Soulan con sus clientes individuales.<\/p>\n<p>&nbsp;<\/p>\n<p><strong>Capacidad<\/strong><br \/>\nCualquier CLIENTE reconoce tener capacidad para contratar, es decir tener la mayor\u00eda legal y no encontrarse bajo curatela o tutela.<\/p>\n<p>&nbsp;<\/p>\n<p><strong>Precios<\/strong><br \/>\nNuestros precios est\u00e1n sujetos a revisi\u00f3n una vez al a\u00f1o y deben ser confirmados en el momento de la reserva.<br \/>\nLa media pensi\u00f3n est\u00e1 incluida en el precio del desayuno en la habitaci\u00f3n y de la cena, sin incluir bebidas. La tasa tur\u00edstica no est\u00e1 incluida.<\/p>\n<p>&nbsp;<\/p>\n<p><strong>Reserva y pago<\/strong><br \/>\nTodas las reservas deber\u00e1n ir acompa\u00f1adas del pago de un dep\u00f3sito que represente el 50% del importe total de la estancia, con un m\u00ednimo de 2 noches, y estar sujetas a nuestra confirmaci\u00f3n por escrito. En caso de pagar mediante transferencia o cheque, se solicitar\u00e1 un n\u00famero de tarjeta de cr\u00e9dito para garantizar la reserva. En caso de impago, se cargar\u00e1 en la tarjeta bancaria dejada como garant\u00eda en las mismas condiciones que una cancelaci\u00f3n.<br \/>\nEl saldo de la estancia se abonar\u00e1 a la llegada.<br \/>\nNO SE REALIZAR\u00c1 NING\u00daN REEMBOLSO NI COMPENSACI\u00d3N EN CASO DE:<br \/>\nServicio solicitado no consumido<br \/>\nSalida anticipada del hotel por causa de fuerza mayor, fuerza menor o conveniencia personal.<\/p>\n<p>Para cualquier reserva realizada con n\u00famero de tarjeta de cr\u00e9dito, la fecha de caducidad y el n\u00famero de criptograma son necesarios para la confirmaci\u00f3n de la reserva. El cliente autoriza expresamente al hotel \u201cLe Christiania\u201d a cargar el importe total de la estancia. En caso de que el cliente no se presente, el hotel \u201cLe Christiania\u201d cargar\u00e1 directamente al cliente el importe total de la estancia. La reserva telef\u00f3nica implica la aceptaci\u00f3n por parte del cliente de las presentes Condiciones Generales de Venta que se encuentran publicadas en la p\u00e1gina web y expuestas en la entrada del hotel. El dep\u00f3sito no ser\u00e1 reembolsable.<\/p>\n<p>El contrato de reserva podr\u00e1 ser rescindido autom\u00e1ticamente por el hotelero sin que ello d\u00e9 lugar al pago de da\u00f1os y perjuicios a los clientes en caso de evento que constituya fuerza mayor o en caso de imposibilidad de operar el hotel de acuerdo con las normas hoteleras com\u00fanmente aceptadas. una causa no imputable al hotelero, en particular en caso de retraso en la apertura o de no apertura (desastre natural, cierre de carreteras), as\u00ed como en caso de suspensi\u00f3n del pago por parte del cliente.<\/p>\n<p>&nbsp;<\/p>\n<p><strong>Alojamiento-Equipaje<\/strong><br \/>\nLas habitaciones se ponen a disposici\u00f3n de los hu\u00e9spedes a las 16:00 horas del d\u00eda de su llegada. Deber\u00e1n ser liberados a las 10 horas del d\u00eda de salida; si este no es el caso se cobrar\u00e1 una noche adicional.<br \/>\nPara estancias largas no se har\u00e1 la habitaci\u00f3n despu\u00e9s de las 16:00 horas.<br \/>\nSe cargar\u00e1 cualquier desperfecto causado por el cliente en la habitaci\u00f3n durante su estancia.<br \/>\nEl hotel no se hace responsable del robo, p\u00e9rdida o da\u00f1o del equipaje almacenado por los clientes en las zonas comunes del hotel, en la habitaci\u00f3n desbloqueada o en el coche en el aparcamiento.<\/p>\n<p>&nbsp;<\/p>\n<p><strong>Animales<\/strong><br \/>\nSe aceptan bajo condiciones y previo acuerdo a raz\u00f3n de 8\u20ac\/d\u00eda<\/p>\n<p>&nbsp;<\/p>\n<p><strong>Desalojamiento<\/strong><br \/>\nEn caso de indisponibilidad del establecimiento, por causa de fuerza mayor, problema t\u00e9cnico en el Hotel o por cualquier otro motivo, el Hotel se reserva el derecho de alojar a los Clientes total o parcialmente en un Hotel de esta categor\u00eda equivalente en servicios. de la misma naturaleza. No se podr\u00e1 reclamar al Hotel el pago de ninguna compensaci\u00f3n adicional.<\/p>\n<p>&nbsp;<\/p>\n<p><strong>Transporte<\/strong><br \/>\nSe especifica que el Hotel no presta ning\u00fan servicio relacionado con el transporte. Por lo tanto, no podr\u00e1 en ning\u00fan caso<br \/>\nser\u00e1 responsable de los problemas relacionados con el transporte del Cliente (retraso, cancelaci\u00f3n, etc.)<\/p>\n<p>&nbsp;<\/p>\n<p><strong>Incumplimientos, da\u00f1os por parte del cliente<\/strong><br \/>\nDeterioro, da\u00f1os por parte del cliente: Las habitaciones e instalaciones del hotel \u201cLe Christiania\u201d se encuentran en condiciones normales de funcionamiento. En caso de da\u00f1o o deterioro, por parte del cliente o de las personas que se alojan en \u00e9l, de la habitaci\u00f3n o de los materiales y equipos puestos a su disposici\u00f3n (televisi\u00f3n, mando a distancia, tel\u00e9fono, llave, etc.), la restauraci\u00f3n, reparaci\u00f3n o cualquier reemplazo ser\u00e1 su responsabilidad y por lo tanto le ser\u00e1 facturado.<br \/>\nAsimismo cualquier conducta contraria a las buenas costumbres y al orden p\u00fablico llevar\u00e1 al Hotelero a solicitar al Cliente que abandone el establecimiento sin compensaci\u00f3n alguna y\/o sin reembolso alguno si el pago ya se ha realizado.<\/p>\n<p>&nbsp;<\/p>\n<p><strong>Tabaco<\/strong><br \/>\nEst\u00e1 estrictamente prohibido fumar en el hotel de acuerdo con la ley del 2 de enero.<br \/>\n2008. El incumplimiento de esta prohibici\u00f3n podr\u00e1 dar lugar a la cancelaci\u00f3n de la estancia en virtud del art\u00edculo 12.<\/p>\n<p>&nbsp;<\/p>\n<p><strong>Responsabilidad<\/strong><br \/>\nEl Hotel no se hace responsable en caso de cambios en la estructura de cualquier naturaleza: traslado de establecimiento, cierre de establecimiento, etc. Las fotograf\u00edas presentadas en el sitio web no son contractuales. Aunque se hacen todos los esfuerzos posibles para que las fotograf\u00edas, representaciones gr\u00e1ficas y textos reproducidos para ilustrar el Hotel presentado ofrezcan una visi\u00f3n lo m\u00e1s precisa posible de los servicios de alojamiento ofrecidos, pueden producirse variaciones, en particular debido al cambio de mobiliario o posibles renovaciones.<br \/>\nEl Cliente no puede reclamar ning\u00fan reclamo como resultado. El Hotel no incurrir\u00e1 en ning\u00fan<br \/>\nresponsabilidad por todos los da\u00f1os indirectos que surjan de esto, en particular la p\u00e9rdida<br \/>\nde explotaci\u00f3n, realizada por el tercero, realizada por el Cliente o realizada por sus socios<\/p>\n<p>&nbsp;<\/p>\n<p><strong>Modificaci\u00f3n<\/strong><br \/>\nEstos T\u00e9rminos y Condiciones Generales podr\u00e1n ser modificados en cualquier momento. En este caso, el Hotel transmitir\u00e1 las modificaciones al Cliente antes del inicio de los servicios. Por tanto, la nueva versi\u00f3n de las Condiciones Generales de Venta<br \/>\nse aplicar\u00e1 a las relaciones entre las partes.<\/p>\n<p>&nbsp;<\/p>\n<p><strong>Nulidad parcial<\/strong><br \/>\nLa nulidad de uno o m\u00e1s art\u00edculos de estos T\u00e9rminos y Condiciones Generales no dar\u00e1 lugar a la nulidad de todos ellos.<br \/>\nestas. Todas las dem\u00e1s estipulaciones aqu\u00ed seguir\u00e1n siendo aplicables y producir\u00e1n todos sus<br \/>\nefectos.<\/p>\n<p>&nbsp;<\/p>\n<p><strong>Quejas y Disputas<\/strong><br \/>\nEn caso de disputa, queja o desacuerdo sobre parte de la factura, el Cliente se compromete a pagar la parte indiscutible sin demora y a indicar por escrito al establecimiento en cuesti\u00f3n el motivo y el importe del litigio, en un plazo de 7 d\u00edas a partir de la fecha de finalizaci\u00f3n del alojamiento. Transcurrido este plazo, el servicio y la facturaci\u00f3n se considerar\u00e1n aceptados y no podr\u00e1n dar lugar a reclamaciones posteriores por parte del Cliente. En caso de litigio, y a falta de acuerdo amistoso, los tribunales competentes ser\u00e1n los del domicilio social de la sociedad explotadora del establecimiento, es decir, el Juzgado de TARBES.<\/p>\n<p>&nbsp;<\/p>\n<p><strong>Ley Aplicable<\/strong><br \/>\nLa ley aplicable es la ley francesa.<\/p>\n<p>&nbsp;<\/p>\n<p><strong>Elecci\u00f3n de domicilio<\/strong><br \/>\nTodas las comunicaciones escritas entre las partes (cartas, notificaciones, correo electr\u00f3nico, etc.) deber\u00e1n enviarse para el Hotel a su direcci\u00f3n postal o electr\u00f3nica, y para el Cliente a la direcci\u00f3n postal o electr\u00f3nica indicada en la reserva.<\/p>\n<p>&nbsp;<\/p>\n<p><strong>Servicios Adicionales<\/strong><br \/>\nLos servicios ofrecidos por el Hotel como reserva de paquetes o alquiler de equipos se rigen por las condiciones de venta de los proveedores de servicios correspondientes.[\/vc_column_text][\/vc_column][\/vc_row]\n","protected":false},"excerpt":{"rendered":"<p>[vc_row type=\u00bbfull_width_content\u00bb full_screen_row_position=\u00bbmiddle\u00bb column_margin=\u00bbdefault\u00bb column_direction=\u00bbdefault\u00bb column_direction_tablet=\u00bbdefault\u00bb column_direction_phone=\u00bbdefault\u00bb bg_color=\u00bb#262626&#8243; scene_position=\u00bbcenter\u00bb top_padding=\u00bb150&#8243; constrain_group_1=\u00bbyes\u00bb bottom_padding=\u00bb150&#8243; bottom_margin=\u00bb50&#8243; bottom_margin_phone=\u00bb0&#8243; text_color=\u00bblight\u00bb text_align=\u00bbcenter\u00bb row_border_radius=\u00bbnone\u00bb row_border_radius_applies=\u00bbbg\u00bb overflow=\u00bbvisible\u00bb enable_gradient=\u00bbtrue\u00bb color_overlay=\u00bb#000000&#8243; color_overlay_2=\u00bbrgba(0,0,0,0.01)\u00bb advanced_gradient_angle=\u00bb0&#8243; overlay_strength=\u00bb0.3&#8243; gradient_direction=\u00bbtop_to_bottom\u00bb shape_divider_position=\u00bbbottom\u00bb bg_image_animation=\u00bbnone\u00bb gradient_type=\u00bbdefault\u00bb shape_type=\u00bb\u00bb][vc_column column_padding=\u00bbno-extra-padding\u00bb&#8230;<\/p>\n","protected":false},"author":1,"featured_media":0,"parent":0,"menu_order":0,"comment_status":"closed","ping_status":"closed","template":"","meta":{"inline_featured_image":false,"footnotes":""},"class_list":["post-743","page","type-page","status-publish"],"yoast_head":"<!-- This site is optimized with the Yoast SEO plugin v23.8 - https:\/\/yoast.com\/wordpress\/plugins\/seo\/ -->\n<title>CGV - H\u00f4tel Le Christiania<\/title>\n<meta name=\"robots\" content=\"index, follow, max-snippet:-1, max-image-preview:large, max-video-preview:-1\" \/>\n<link rel=\"canonical\" href=\"https:\/\/www.christiania-pyrenees.com\/es\/cgv\/\" \/>\n<meta property=\"og:locale\" content=\"es_ES\" \/>\n<meta property=\"og:type\" content=\"article\" \/>\n<meta property=\"og:title\" content=\"CGV - H\u00f4tel Le Christiania\" \/>\n<meta property=\"og:description\" content=\"[vc_row type=\u00bbfull_width_content\u00bb full_screen_row_position=\u00bbmiddle\u00bb column_margin=\u00bbdefault\u00bb column_direction=\u00bbdefault\u00bb column_direction_tablet=\u00bbdefault\u00bb column_direction_phone=\u00bbdefault\u00bb bg_color=\u00bb#262626&#8243; scene_position=\u00bbcenter\u00bb top_padding=\u00bb150&#8243; constrain_group_1=\u00bbyes\u00bb bottom_padding=\u00bb150&#8243; bottom_margin=\u00bb50&#8243; bottom_margin_phone=\u00bb0&#8243; text_color=\u00bblight\u00bb text_align=\u00bbcenter\u00bb row_border_radius=\u00bbnone\u00bb row_border_radius_applies=\u00bbbg\u00bb overflow=\u00bbvisible\u00bb enable_gradient=\u00bbtrue\u00bb color_overlay=\u00bb#000000&#8243; color_overlay_2=\u00bbrgba(0,0,0,0.01)\u00bb advanced_gradient_angle=\u00bb0&#8243; overlay_strength=\u00bb0.3&#8243; gradient_direction=\u00bbtop_to_bottom\u00bb shape_divider_position=\u00bbbottom\u00bb bg_image_animation=\u00bbnone\u00bb gradient_type=\u00bbdefault\u00bb shape_type=\u00bb\u00bb][vc_column column_padding=\u00bbno-extra-padding\u00bb...\" \/>\n<meta property=\"og:url\" content=\"https:\/\/www.christiania-pyrenees.com\/es\/cgv\/\" \/>\n<meta property=\"og:site_name\" content=\"H\u00f4tel Le Christiania\" \/>\n<meta property=\"article:publisher\" content=\"https:\/\/www.facebook.com\/pages\/Htel-le-Christiania\/421636391524608\" \/>\n<meta property=\"article:modified_time\" content=\"2025-11-06T08:22:29+00:00\" \/>\n<meta name=\"twitter:card\" content=\"summary_large_image\" \/>\n<meta name=\"twitter:label1\" content=\"Tiempo de lectura\" \/>\n\t<meta name=\"twitter:data1\" content=\"8 minutos\" \/>\n<script type=\"application\/ld+json\" class=\"yoast-schema-graph\">{\"@context\":\"https:\/\/schema.org\",\"@graph\":[{\"@type\":\"WebPage\",\"@id\":\"https:\/\/www.christiania-pyrenees.com\/es\/cgv\/\",\"url\":\"https:\/\/www.christiania-pyrenees.com\/es\/cgv\/\",\"name\":\"CGV - H\u00f4tel Le Christiania\",\"isPartOf\":{\"@id\":\"https:\/\/www.christiania-pyrenees.com\/#website\"},\"datePublished\":\"2022-08-27T15:41:38+00:00\",\"dateModified\":\"2025-11-06T08:22:29+00:00\",\"breadcrumb\":{\"@id\":\"https:\/\/www.christiania-pyrenees.com\/es\/cgv\/#breadcrumb\"},\"inLanguage\":\"es\",\"potentialAction\":[{\"@type\":\"ReadAction\",\"target\":[\"https:\/\/www.christiania-pyrenees.com\/es\/cgv\/\"]}]},{\"@type\":\"BreadcrumbList\",\"@id\":\"https:\/\/www.christiania-pyrenees.com\/es\/cgv\/#breadcrumb\",\"itemListElement\":[{\"@type\":\"ListItem\",\"position\":1,\"name\":\"Accueil\",\"item\":\"https:\/\/www.christiania-pyrenees.com\/es\/\"},{\"@type\":\"ListItem\",\"position\":2,\"name\":\"CGV\"}]},{\"@type\":\"WebSite\",\"@id\":\"https:\/\/www.christiania-pyrenees.com\/#website\",\"url\":\"https:\/\/www.christiania-pyrenees.com\/\",\"name\":\"H\u00f4tel Le Christiania\",\"description\":\"H\u00f4tel 3 \u00e9toiles \u00e0 Saint-Lary Soulan\",\"publisher\":{\"@id\":\"https:\/\/www.christiania-pyrenees.com\/#organization\"},\"potentialAction\":[{\"@type\":\"SearchAction\",\"target\":{\"@type\":\"EntryPoint\",\"urlTemplate\":\"https:\/\/www.christiania-pyrenees.com\/?s={search_term_string}\"},\"query-input\":{\"@type\":\"PropertyValueSpecification\",\"valueRequired\":true,\"valueName\":\"search_term_string\"}}],\"inLanguage\":\"es\"},{\"@type\":\"Organization\",\"@id\":\"https:\/\/www.christiania-pyrenees.com\/#organization\",\"name\":\"H\u00f4tel Le Christiania\",\"url\":\"https:\/\/www.christiania-pyrenees.com\/\",\"logo\":{\"@type\":\"ImageObject\",\"inLanguage\":\"es\",\"@id\":\"https:\/\/www.christiania-pyrenees.com\/#\/schema\/logo\/image\/\",\"url\":\"https:\/\/www.christiania-pyrenees.com\/wp-content\/uploads\/2022\/08\/cropped-FavIcon_Christiania.png\",\"contentUrl\":\"https:\/\/www.christiania-pyrenees.com\/wp-content\/uploads\/2022\/08\/cropped-FavIcon_Christiania.png\",\"width\":512,\"height\":512,\"caption\":\"H\u00f4tel Le Christiania\"},\"image\":{\"@id\":\"https:\/\/www.christiania-pyrenees.com\/#\/schema\/logo\/image\/\"},\"sameAs\":[\"https:\/\/www.facebook.com\/pages\/Htel-le-Christiania\/421636391524608\",\"https:\/\/www.instagram.com\/hotel_le_christiania_st_lary\/\"]}]}<\/script>\n<!-- \/ Yoast SEO plugin. -->","yoast_head_json":{"title":"CGV - H\u00f4tel Le Christiania","robots":{"index":"index","follow":"follow","max-snippet":"max-snippet:-1","max-image-preview":"max-image-preview:large","max-video-preview":"max-video-preview:-1"},"canonical":"https:\/\/www.christiania-pyrenees.com\/es\/cgv\/","og_locale":"es_ES","og_type":"article","og_title":"CGV - H\u00f4tel Le Christiania","og_description":"[vc_row type=\u00bbfull_width_content\u00bb full_screen_row_position=\u00bbmiddle\u00bb column_margin=\u00bbdefault\u00bb column_direction=\u00bbdefault\u00bb column_direction_tablet=\u00bbdefault\u00bb column_direction_phone=\u00bbdefault\u00bb bg_color=\u00bb#262626&#8243; scene_position=\u00bbcenter\u00bb top_padding=\u00bb150&#8243; constrain_group_1=\u00bbyes\u00bb bottom_padding=\u00bb150&#8243; bottom_margin=\u00bb50&#8243; bottom_margin_phone=\u00bb0&#8243; text_color=\u00bblight\u00bb text_align=\u00bbcenter\u00bb row_border_radius=\u00bbnone\u00bb row_border_radius_applies=\u00bbbg\u00bb overflow=\u00bbvisible\u00bb enable_gradient=\u00bbtrue\u00bb color_overlay=\u00bb#000000&#8243; color_overlay_2=\u00bbrgba(0,0,0,0.01)\u00bb advanced_gradient_angle=\u00bb0&#8243; overlay_strength=\u00bb0.3&#8243; gradient_direction=\u00bbtop_to_bottom\u00bb shape_divider_position=\u00bbbottom\u00bb bg_image_animation=\u00bbnone\u00bb gradient_type=\u00bbdefault\u00bb shape_type=\u00bb\u00bb][vc_column column_padding=\u00bbno-extra-padding\u00bb...","og_url":"https:\/\/www.christiania-pyrenees.com\/es\/cgv\/","og_site_name":"H\u00f4tel Le Christiania","article_publisher":"https:\/\/www.facebook.com\/pages\/Htel-le-Christiania\/421636391524608","article_modified_time":"2025-11-06T08:22:29+00:00","twitter_card":"summary_large_image","twitter_misc":{"Tiempo de lectura":"8 minutos"},"schema":{"@context":"https:\/\/schema.org","@graph":[{"@type":"WebPage","@id":"https:\/\/www.christiania-pyrenees.com\/es\/cgv\/","url":"https:\/\/www.christiania-pyrenees.com\/es\/cgv\/","name":"CGV - H\u00f4tel Le Christiania","isPartOf":{"@id":"https:\/\/www.christiania-pyrenees.com\/#website"},"datePublished":"2022-08-27T15:41:38+00:00","dateModified":"2025-11-06T08:22:29+00:00","breadcrumb":{"@id":"https:\/\/www.christiania-pyrenees.com\/es\/cgv\/#breadcrumb"},"inLanguage":"es","potentialAction":[{"@type":"ReadAction","target":["https:\/\/www.christiania-pyrenees.com\/es\/cgv\/"]}]},{"@type":"BreadcrumbList","@id":"https:\/\/www.christiania-pyrenees.com\/es\/cgv\/#breadcrumb","itemListElement":[{"@type":"ListItem","position":1,"name":"Accueil","item":"https:\/\/www.christiania-pyrenees.com\/es\/"},{"@type":"ListItem","position":2,"name":"CGV"}]},{"@type":"WebSite","@id":"https:\/\/www.christiania-pyrenees.com\/#website","url":"https:\/\/www.christiania-pyrenees.com\/","name":"H\u00f4tel Le Christiania","description":"H\u00f4tel 3 \u00e9toiles \u00e0 Saint-Lary Soulan","publisher":{"@id":"https:\/\/www.christiania-pyrenees.com\/#organization"},"potentialAction":[{"@type":"SearchAction","target":{"@type":"EntryPoint","urlTemplate":"https:\/\/www.christiania-pyrenees.com\/?s={search_term_string}"},"query-input":{"@type":"PropertyValueSpecification","valueRequired":true,"valueName":"search_term_string"}}],"inLanguage":"es"},{"@type":"Organization","@id":"https:\/\/www.christiania-pyrenees.com\/#organization","name":"H\u00f4tel Le Christiania","url":"https:\/\/www.christiania-pyrenees.com\/","logo":{"@type":"ImageObject","inLanguage":"es","@id":"https:\/\/www.christiania-pyrenees.com\/#\/schema\/logo\/image\/","url":"https:\/\/www.christiania-pyrenees.com\/wp-content\/uploads\/2022\/08\/cropped-FavIcon_Christiania.png","contentUrl":"https:\/\/www.christiania-pyrenees.com\/wp-content\/uploads\/2022\/08\/cropped-FavIcon_Christiania.png","width":512,"height":512,"caption":"H\u00f4tel Le Christiania"},"image":{"@id":"https:\/\/www.christiania-pyrenees.com\/#\/schema\/logo\/image\/"},"sameAs":["https:\/\/www.facebook.com\/pages\/Htel-le-Christiania\/421636391524608","https:\/\/www.instagram.com\/hotel_le_christiania_st_lary\/"]}]}},"_links":{"self":[{"href":"https:\/\/www.christiania-pyrenees.com\/es\/wp-json\/wp\/v2\/pages\/743","targetHints":{"allow":["GET"]}}],"collection":[{"href":"https:\/\/www.christiania-pyrenees.com\/es\/wp-json\/wp\/v2\/pages"}],"about":[{"href":"https:\/\/www.christiania-pyrenees.com\/es\/wp-json\/wp\/v2\/types\/page"}],"author":[{"embeddable":true,"href":"https:\/\/www.christiania-pyrenees.com\/es\/wp-json\/wp\/v2\/users\/1"}],"replies":[{"embeddable":true,"href":"https:\/\/www.christiania-pyrenees.com\/es\/wp-json\/wp\/v2\/comments?post=743"}],"version-history":[{"count":9,"href":"https:\/\/www.christiania-pyrenees.com\/es\/wp-json\/wp\/v2\/pages\/743\/revisions"}],"predecessor-version":[{"id":1041,"href":"https:\/\/www.christiania-pyrenees.com\/es\/wp-json\/wp\/v2\/pages\/743\/revisions\/1041"}],"wp:attachment":[{"href":"https:\/\/www.christiania-pyrenees.com\/es\/wp-json\/wp\/v2\/media?parent=743"}],"curies":[{"name":"wp","href":"https:\/\/api.w.org\/{rel}","templated":true}]}}