{"id":741,"date":"2022-08-27T15:41:38","date_gmt":"2022-08-27T15:41:38","guid":{"rendered":"https:\/\/christiania.novae.website\/cgv\/"},"modified":"2025-11-06T08:21:06","modified_gmt":"2025-11-06T08:21:06","slug":"cgv","status":"publish","type":"page","link":"https:\/\/www.christiania-pyrenees.com\/en\/cgv\/","title":{"rendered":"CGV"},"content":{"rendered":"[vc_row type=&#8221;full_width_content&#8221; full_screen_row_position=&#8221;middle&#8221; column_margin=&#8221;default&#8221; column_direction=&#8221;default&#8221; column_direction_tablet=&#8221;default&#8221; column_direction_phone=&#8221;default&#8221; bg_color=&#8221;#262626&#8243; scene_position=&#8221;center&#8221; top_padding=&#8221;150&#8243; constrain_group_1=&#8221;yes&#8221; bottom_padding=&#8221;150&#8243; bottom_margin=&#8221;50&#8243; bottom_margin_phone=&#8221;0&#8243; text_color=&#8221;light&#8221; text_align=&#8221;center&#8221; row_border_radius=&#8221;none&#8221; row_border_radius_applies=&#8221;bg&#8221; overflow=&#8221;visible&#8221; enable_gradient=&#8221;true&#8221; color_overlay=&#8221;#000000&#8243; color_overlay_2=&#8221;rgba(0,0,0,0.01)&#8221; advanced_gradient_angle=&#8221;0&#8243; overlay_strength=&#8221;0.3&#8243; gradient_direction=&#8221;top_to_bottom&#8221; shape_divider_position=&#8221;bottom&#8221; bg_image_animation=&#8221;none&#8221; gradient_type=&#8221;default&#8221; shape_type=&#8221;&#8221;][vc_column column_padding=&#8221;no-extra-padding&#8221; column_padding_tablet=&#8221;inherit&#8221; column_padding_phone=&#8221;inherit&#8221; column_padding_position=&#8221;all&#8221; column_element_direction_desktop=&#8221;default&#8221; column_element_spacing=&#8221;default&#8221; desktop_text_alignment=&#8221;default&#8221; tablet_text_alignment=&#8221;default&#8221; phone_text_alignment=&#8221;default&#8221; background_color_opacity=&#8221;1&#8243; background_hover_color_opacity=&#8221;1&#8243; column_backdrop_filter=&#8221;none&#8221; column_shadow=&#8221;none&#8221; column_border_radius=&#8221;none&#8221; column_link_target=&#8221;_self&#8221; column_position=&#8221;default&#8221; gradient_direction=&#8221;left_to_right&#8221; overlay_strength=&#8221;0.3&#8243; width=&#8221;1\/4&#8243; tablet_width_inherit=&#8221;default&#8221; animation_type=&#8221;default&#8221; bg_image_animation=&#8221;none&#8221; border_type=&#8221;simple&#8221; column_border_width=&#8221;none&#8221; column_border_style=&#8221;solid&#8221;][\/vc_column][vc_column column_padding=&#8221;no-extra-padding&#8221; column_padding_tablet=&#8221;inherit&#8221; column_padding_phone=&#8221;padding-6-percent&#8221; column_padding_position=&#8221;all&#8221; column_element_direction_desktop=&#8221;default&#8221; column_element_spacing=&#8221;default&#8221; desktop_text_alignment=&#8221;default&#8221; tablet_text_alignment=&#8221;default&#8221; phone_text_alignment=&#8221;default&#8221; background_color_opacity=&#8221;1&#8243; background_hover_color_opacity=&#8221;1&#8243; column_backdrop_filter=&#8221;none&#8221; column_shadow=&#8221;none&#8221; column_border_radius=&#8221;none&#8221; column_link_target=&#8221;_self&#8221; column_position=&#8221;default&#8221; advanced_gradient_angle=&#8221;0&#8243; gradient_direction=&#8221;left_to_right&#8221; overlay_strength=&#8221;0.3&#8243; width=&#8221;1\/2&#8243; tablet_width_inherit=&#8221;default&#8221; animation_type=&#8221;default&#8221; bg_image_animation=&#8221;none&#8221; border_type=&#8221;simple&#8221; column_border_width=&#8221;none&#8221; column_border_style=&#8221;solid&#8221; gradient_type=&#8221;default&#8221;][vc_column_text el_class=&#8221;intro-text&#8221;]\n<h1 class=\"ftitle\" style=\"text-align: center;\">Terms and conditions<\/h1>\n[\/vc_column_text][\/vc_column][vc_column column_padding=&#8221;no-extra-padding&#8221; column_padding_tablet=&#8221;inherit&#8221; column_padding_phone=&#8221;inherit&#8221; column_padding_position=&#8221;all&#8221; column_element_direction_desktop=&#8221;default&#8221; column_element_spacing=&#8221;default&#8221; desktop_text_alignment=&#8221;default&#8221; tablet_text_alignment=&#8221;default&#8221; phone_text_alignment=&#8221;default&#8221; background_color_opacity=&#8221;1&#8243; background_hover_color_opacity=&#8221;1&#8243; column_backdrop_filter=&#8221;none&#8221; column_shadow=&#8221;none&#8221; column_border_radius=&#8221;none&#8221; column_link_target=&#8221;_self&#8221; column_position=&#8221;default&#8221; gradient_direction=&#8221;left_to_right&#8221; overlay_strength=&#8221;0.3&#8243; width=&#8221;1\/4&#8243; tablet_width_inherit=&#8221;default&#8221; animation_type=&#8221;default&#8221; bg_image_animation=&#8221;none&#8221; border_type=&#8221;simple&#8221; column_border_width=&#8221;none&#8221; column_border_style=&#8221;solid&#8221;][\/vc_column][\/vc_row][vc_row type=&#8221;in_container&#8221; full_screen_row_position=&#8221;middle&#8221; column_margin=&#8221;default&#8221; column_direction=&#8221;default&#8221; column_direction_tablet=&#8221;default&#8221; column_direction_phone=&#8221;default&#8221; scene_position=&#8221;center&#8221; text_color=&#8221;dark&#8221; text_align=&#8221;left&#8221; row_border_radius=&#8221;none&#8221; row_border_radius_applies=&#8221;bg&#8221; overflow=&#8221;visible&#8221; overlay_strength=&#8221;0.3&#8243; gradient_direction=&#8221;left_to_right&#8221; shape_divider_position=&#8221;bottom&#8221; bg_image_animation=&#8221;none&#8221;][vc_column column_padding=&#8221;no-extra-padding&#8221; column_padding_tablet=&#8221;inherit&#8221; column_padding_phone=&#8221;inherit&#8221; column_padding_position=&#8221;all&#8221; column_element_direction_desktop=&#8221;default&#8221; column_element_spacing=&#8221;default&#8221; desktop_text_alignment=&#8221;default&#8221; tablet_text_alignment=&#8221;default&#8221; phone_text_alignment=&#8221;default&#8221; background_color_opacity=&#8221;1&#8243; background_hover_color_opacity=&#8221;1&#8243; column_backdrop_filter=&#8221;none&#8221; column_shadow=&#8221;none&#8221; column_border_radius=&#8221;none&#8221; column_link_target=&#8221;_self&#8221; column_position=&#8221;default&#8221; gradient_direction=&#8221;left_to_right&#8221; overlay_strength=&#8221;0.3&#8243; width=&#8221;1\/1&#8243; tablet_width_inherit=&#8221;default&#8221; animation_type=&#8221;default&#8221; bg_image_animation=&#8221;none&#8221; border_type=&#8221;simple&#8221; column_border_width=&#8221;none&#8221; column_border_style=&#8221;solid&#8221;][vc_column_text]The general conditions of sale form a set which forms an integral part of the room reservation contract and whose overall acceptance is obligatory before concluding any reservation. The reservation request entails adherence to these general conditions of sale and complete and unreserved acceptance of their provisions.<\/p>\n<p>&nbsp;<\/p>\n<p><strong>Cancellation insurance<\/strong><\/p>\n<p>With cancellation insurance you can cancel for free at any time (only the insurance fees will be charged).<\/p>\n<p>&nbsp;<\/p>\n<p><strong>Application<\/strong><br \/>\nThese general conditions of sale apply to reservations for rooms with or without breakfast, half board or full board and to additional services consumed on site during the period of stay at the hotel. These general conditions of sale concluded by the Hotel Le Christiania Saint Lary Soulan with its individual customers.<\/p>\n<p>&nbsp;<\/p>\n<p><strong>Capacity <\/strong><br \/>\nAny CUSTOMER acknowledges having the capacity to contract, that is to say having the legal majority and not being under curatorship or guardianship.<\/p>\n<p>&nbsp;<\/p>\n<p><strong>Prices<\/strong><br \/>\nOur prices are subject to review once a year and must be confirmed at the time of booking.<br \/>\nHalf board is included in the price of breakfast in the room and the evening meal excluding drinks. Tourist tax is not included.<\/p>\n<p>&nbsp;<\/p>\n<p><strong>Reservation and payment <\/strong><br \/>\nAll reservations must be accompanied by the payment of a deposit representing 50% of the total amount of the stay, with a minimum of 2 nights, and be subject to written confirmation from us. If paying by transfer or check, a credit card number will be requested to guarantee the reservation. In the event of non-payment, the bank card left as guarantee will be debited under the same conditions as a cancellation.<br \/>\nThe balance of the stay is to be paid on arrival.<br \/>\nNO REFUND OR COMPENSATION WILL BE MADE IN THE EVENT OF:<br \/>\nOrdered service not consumed<br \/>\nEarly departure from the hotel due to force majeure, minor force or personal convenience.<\/p>\n<p>For any reservation made with a credit card number, the expiry date and the cryptogram number are necessary for confirmation of the reservation. The customer expressly authorizes the hotel \u201cLe Christiania\u201d to charge the entire stay. In the event that the customer does not show up, the hotel \u201cLe Christiania\u201d will debit the customer directly for the entire stay. Reserving by telephone implies acceptance by the customer of these General Conditions of Sale which are published on the website and displayed at the entrance to the hotel. The deposit will not be refundable.<\/p>\n<p>The reservation contract may be terminated automatically by the hotelier without this giving rise to payment of damages to customers in the event of an event constituting force majeure or in the event of the impossibility of operating the hotel. hotel in accordance with commonly accepted hotel standards for a cause not attributable to the hotelier, in particular in the event of delay in opening or non-opening (natural disaster, road closure), as well as in the event of cessation of payment by the customer.<\/p>\n<p>&nbsp;<\/p>\n<p><strong>Accommodation-Luggage<\/strong><br \/>\nRooms are made available to guests at 4 p.m. on the day of their arrival. They must be released at 10 a.m. on the day of departure; if this is not the case an additional night will be charged.<br \/>\nFor long stays, the room will not be made after 4 p.m.<br \/>\nAny damage made by the customer to the room during their stay will be charged.<br \/>\nThe hotel cannot be held responsible for theft, loss or damage to luggage stored by customers in the common areas of the hotel, in the unlocked room or in the car in the parking lot.<\/p>\n<p>&nbsp;<\/p>\n<p><strong>Animals<\/strong><br \/>\nAre accepted under conditions and after prior agreement at the rate of \u20ac8\/day<\/p>\n<p>&nbsp;<\/p>\n<p><strong>Dislodgement<\/strong><br \/>\nIn the event of unavailability of the establishment, in the event of force majeure, a technical problem in the Hotel or for any other reason, the latter reserves the right to accommodate the Clients totally or partially in a Hotel of this category. equivalent for services of the same nature. The Hotel cannot be sought in payment of any additional compensation.<\/p>\n<p>&nbsp;<\/p>\n<p><strong>Transportation<\/strong><br \/>\nIt is specified that the Hotel does not provide any transport-related services. He will therefore not be able in any case<br \/>\nbe held responsible for problems related to Customer transport (delay, cancellation, etc.)<\/p>\n<p>&nbsp;<\/p>\n<p><strong>Breaches, damage by the customer<\/strong><br \/>\nDeterioration, damage by the customer: The rooms and facilities of the hotel \u201cLe Christiania\u201d are in normal operating condition. In the event of damage or deterioration, by the customer or the people staying with him, of the room or of the materials and equipment made available to him (television, remote control, telephone, key, etc.), the restoration, repair or any replacement will be his responsibility and will therefore be billed to him.<br \/>\nAlso any behavior contrary to good morals and public order will lead the Hotelier to ask the Customer to leave the establishment without any compensation and\/or without any reimbursement if payment has already been made.<\/p>\n<p>&nbsp;<\/p>\n<p><strong>Tobacco<\/strong><br \/>\nSmoking is strictly prohibited in the hotel in accordance with the law of January 2<br \/>\n2008. Failure to comply with this ban may result in cancellation of stay under article 12.<\/p>\n<p>&nbsp;<\/p>\n<p><strong>Liability<\/strong><br \/>\nThe Hotel cannot be held responsible in the event of changes to the structure of any nature whatsoever: transfer of establishment, closure of establishment, etc. The photos presented on the website are not contractual. Even if all the best efforts are made so that the photographs, graphic representations and texts reproduced to illustrate the Hotel presented give as accurate an overview as possible of the accommodation services offered, variations may occur, in particular due to the change of furniture or possible renovations.<br \/>\nThe Customer cannot claim any claim as a result. The Hotel will not incur any<br \/>\nliability for all indirect damages arising herefrom, in particular loss<br \/>\nof exploitation, made by the third party, made by the Customer or made by its partners<\/p>\n<p>&nbsp;<\/p>\n<p><strong>Modification<\/strong><br \/>\nThese General Terms and Conditions may be modified at any time. In this case, the Hotel will transmit the modifications to the Client before the start of the services. Therefore, the new version of the General Conditions of Sale<br \/>\nwill apply to the relations between the parties.<\/p>\n<p>&nbsp;<\/p>\n<p><strong>Partial nullity<\/strong><br \/>\nThe nullity of one or more articles of these General Terms and Conditions will not result in the nullity of all of them.<br \/>\nthese. All other stipulations herein will remain applicable and will produce all their<br \/>\neffects.<\/p>\n<p>&nbsp;<\/p>\n<p><strong>Complaints and Disputes<\/strong><br \/>\nIn the event of a dispute, complaint or disagreement over part of the invoice, the Customer undertakes to pay the undisputed part without delay and to indicate in writing to the establishment concerned the reason and amount of the dispute, in a period of 7 days from the date of end of accommodation. After this period, the service and invoicing are considered accepted and cannot give rise to any subsequent complaints from the Customer. In the event of a dispute, and in the absence of an amicable agreement, the competent courts will be those of the location of the head office of the company operating the establishment, i.e. the TARBES Court.<\/p>\n<p>&nbsp;<\/p>\n<p><strong>Applicable Law<\/strong><br \/>\nThe applicable law is French law.[\/vc_column_text][\/vc_column][\/vc_row]\n","protected":false},"excerpt":{"rendered":"<p>[vc_row type=&#8221;full_width_content&#8221; full_screen_row_position=&#8221;middle&#8221; column_margin=&#8221;default&#8221; column_direction=&#8221;default&#8221; column_direction_tablet=&#8221;default&#8221; column_direction_phone=&#8221;default&#8221; bg_color=&#8221;#262626&#8243; scene_position=&#8221;center&#8221; top_padding=&#8221;150&#8243; constrain_group_1=&#8221;yes&#8221; bottom_padding=&#8221;150&#8243; bottom_margin=&#8221;50&#8243; bottom_margin_phone=&#8221;0&#8243; text_color=&#8221;light&#8221; text_align=&#8221;center&#8221; row_border_radius=&#8221;none&#8221; row_border_radius_applies=&#8221;bg&#8221; overflow=&#8221;visible&#8221; enable_gradient=&#8221;true&#8221; color_overlay=&#8221;#000000&#8243; color_overlay_2=&#8221;rgba(0,0,0,0.01)&#8221; advanced_gradient_angle=&#8221;0&#8243; overlay_strength=&#8221;0.3&#8243; gradient_direction=&#8221;top_to_bottom&#8221; shape_divider_position=&#8221;bottom&#8221; bg_image_animation=&#8221;none&#8221; gradient_type=&#8221;default&#8221; shape_type=&#8221;&#8221;][vc_column column_padding=&#8221;no-extra-padding&#8221;&#8230;<\/p>\n","protected":false},"author":1,"featured_media":0,"parent":0,"menu_order":0,"comment_status":"closed","ping_status":"closed","template":"","meta":{"inline_featured_image":false,"footnotes":""},"class_list":["post-741","page","type-page","status-publish"],"yoast_head":"<!-- This site is optimized with the Yoast SEO plugin v23.8 - https:\/\/yoast.com\/wordpress\/plugins\/seo\/ -->\n<title>CGV - H\u00f4tel Le Christiania<\/title>\n<meta name=\"robots\" content=\"index, follow, max-snippet:-1, max-image-preview:large, max-video-preview:-1\" \/>\n<link rel=\"canonical\" href=\"https:\/\/www.christiania-pyrenees.com\/en\/cgv\/\" \/>\n<meta property=\"og:locale\" content=\"en_US\" \/>\n<meta property=\"og:type\" content=\"article\" \/>\n<meta property=\"og:title\" content=\"CGV - H\u00f4tel Le Christiania\" \/>\n<meta property=\"og:description\" content=\"[vc_row type=&#8221;full_width_content&#8221; full_screen_row_position=&#8221;middle&#8221; column_margin=&#8221;default&#8221; column_direction=&#8221;default&#8221; column_direction_tablet=&#8221;default&#8221; column_direction_phone=&#8221;default&#8221; bg_color=&#8221;#262626&#8243; scene_position=&#8221;center&#8221; top_padding=&#8221;150&#8243; constrain_group_1=&#8221;yes&#8221; bottom_padding=&#8221;150&#8243; bottom_margin=&#8221;50&#8243; bottom_margin_phone=&#8221;0&#8243; text_color=&#8221;light&#8221; text_align=&#8221;center&#8221; row_border_radius=&#8221;none&#8221; row_border_radius_applies=&#8221;bg&#8221; overflow=&#8221;visible&#8221; enable_gradient=&#8221;true&#8221; color_overlay=&#8221;#000000&#8243; color_overlay_2=&#8221;rgba(0,0,0,0.01)&#8221; advanced_gradient_angle=&#8221;0&#8243; overlay_strength=&#8221;0.3&#8243; gradient_direction=&#8221;top_to_bottom&#8221; shape_divider_position=&#8221;bottom&#8221; bg_image_animation=&#8221;none&#8221; gradient_type=&#8221;default&#8221; shape_type=&#8221;&#8221;][vc_column column_padding=&#8221;no-extra-padding&#8221;...\" \/>\n<meta property=\"og:url\" content=\"https:\/\/www.christiania-pyrenees.com\/en\/cgv\/\" \/>\n<meta property=\"og:site_name\" content=\"H\u00f4tel Le Christiania\" \/>\n<meta property=\"article:publisher\" content=\"https:\/\/www.facebook.com\/pages\/Htel-le-Christiania\/421636391524608\" \/>\n<meta property=\"article:modified_time\" content=\"2025-11-06T08:21:06+00:00\" \/>\n<meta name=\"twitter:card\" content=\"summary_large_image\" \/>\n<meta name=\"twitter:label1\" content=\"Est. reading time\" \/>\n\t<meta name=\"twitter:data1\" content=\"7 minutes\" \/>\n<script type=\"application\/ld+json\" class=\"yoast-schema-graph\">{\"@context\":\"https:\/\/schema.org\",\"@graph\":[{\"@type\":\"WebPage\",\"@id\":\"https:\/\/www.christiania-pyrenees.com\/en\/cgv\/\",\"url\":\"https:\/\/www.christiania-pyrenees.com\/en\/cgv\/\",\"name\":\"CGV - H\u00f4tel Le Christiania\",\"isPartOf\":{\"@id\":\"https:\/\/www.christiania-pyrenees.com\/#website\"},\"datePublished\":\"2022-08-27T15:41:38+00:00\",\"dateModified\":\"2025-11-06T08:21:06+00:00\",\"breadcrumb\":{\"@id\":\"https:\/\/www.christiania-pyrenees.com\/en\/cgv\/#breadcrumb\"},\"inLanguage\":\"en-US\",\"potentialAction\":[{\"@type\":\"ReadAction\",\"target\":[\"https:\/\/www.christiania-pyrenees.com\/en\/cgv\/\"]}]},{\"@type\":\"BreadcrumbList\",\"@id\":\"https:\/\/www.christiania-pyrenees.com\/en\/cgv\/#breadcrumb\",\"itemListElement\":[{\"@type\":\"ListItem\",\"position\":1,\"name\":\"Accueil\",\"item\":\"https:\/\/www.christiania-pyrenees.com\/en\/\"},{\"@type\":\"ListItem\",\"position\":2,\"name\":\"CGV\"}]},{\"@type\":\"WebSite\",\"@id\":\"https:\/\/www.christiania-pyrenees.com\/#website\",\"url\":\"https:\/\/www.christiania-pyrenees.com\/\",\"name\":\"H\u00f4tel Le Christiania\",\"description\":\"H\u00f4tel 3 \u00e9toiles \u00e0 Saint-Lary Soulan\",\"publisher\":{\"@id\":\"https:\/\/www.christiania-pyrenees.com\/#organization\"},\"potentialAction\":[{\"@type\":\"SearchAction\",\"target\":{\"@type\":\"EntryPoint\",\"urlTemplate\":\"https:\/\/www.christiania-pyrenees.com\/?s={search_term_string}\"},\"query-input\":{\"@type\":\"PropertyValueSpecification\",\"valueRequired\":true,\"valueName\":\"search_term_string\"}}],\"inLanguage\":\"en-US\"},{\"@type\":\"Organization\",\"@id\":\"https:\/\/www.christiania-pyrenees.com\/#organization\",\"name\":\"H\u00f4tel Le Christiania\",\"url\":\"https:\/\/www.christiania-pyrenees.com\/\",\"logo\":{\"@type\":\"ImageObject\",\"inLanguage\":\"en-US\",\"@id\":\"https:\/\/www.christiania-pyrenees.com\/#\/schema\/logo\/image\/\",\"url\":\"https:\/\/www.christiania-pyrenees.com\/wp-content\/uploads\/2022\/08\/cropped-FavIcon_Christiania.png\",\"contentUrl\":\"https:\/\/www.christiania-pyrenees.com\/wp-content\/uploads\/2022\/08\/cropped-FavIcon_Christiania.png\",\"width\":512,\"height\":512,\"caption\":\"H\u00f4tel Le Christiania\"},\"image\":{\"@id\":\"https:\/\/www.christiania-pyrenees.com\/#\/schema\/logo\/image\/\"},\"sameAs\":[\"https:\/\/www.facebook.com\/pages\/Htel-le-Christiania\/421636391524608\",\"https:\/\/www.instagram.com\/hotel_le_christiania_st_lary\/\"]}]}<\/script>\n<!-- \/ Yoast SEO plugin. -->","yoast_head_json":{"title":"CGV - H\u00f4tel Le Christiania","robots":{"index":"index","follow":"follow","max-snippet":"max-snippet:-1","max-image-preview":"max-image-preview:large","max-video-preview":"max-video-preview:-1"},"canonical":"https:\/\/www.christiania-pyrenees.com\/en\/cgv\/","og_locale":"en_US","og_type":"article","og_title":"CGV - H\u00f4tel Le Christiania","og_description":"[vc_row type=&#8221;full_width_content&#8221; full_screen_row_position=&#8221;middle&#8221; column_margin=&#8221;default&#8221; column_direction=&#8221;default&#8221; column_direction_tablet=&#8221;default&#8221; column_direction_phone=&#8221;default&#8221; bg_color=&#8221;#262626&#8243; scene_position=&#8221;center&#8221; top_padding=&#8221;150&#8243; constrain_group_1=&#8221;yes&#8221; bottom_padding=&#8221;150&#8243; bottom_margin=&#8221;50&#8243; bottom_margin_phone=&#8221;0&#8243; text_color=&#8221;light&#8221; text_align=&#8221;center&#8221; row_border_radius=&#8221;none&#8221; row_border_radius_applies=&#8221;bg&#8221; overflow=&#8221;visible&#8221; enable_gradient=&#8221;true&#8221; color_overlay=&#8221;#000000&#8243; color_overlay_2=&#8221;rgba(0,0,0,0.01)&#8221; advanced_gradient_angle=&#8221;0&#8243; overlay_strength=&#8221;0.3&#8243; gradient_direction=&#8221;top_to_bottom&#8221; shape_divider_position=&#8221;bottom&#8221; bg_image_animation=&#8221;none&#8221; gradient_type=&#8221;default&#8221; shape_type=&#8221;&#8221;][vc_column column_padding=&#8221;no-extra-padding&#8221;...","og_url":"https:\/\/www.christiania-pyrenees.com\/en\/cgv\/","og_site_name":"H\u00f4tel Le Christiania","article_publisher":"https:\/\/www.facebook.com\/pages\/Htel-le-Christiania\/421636391524608","article_modified_time":"2025-11-06T08:21:06+00:00","twitter_card":"summary_large_image","twitter_misc":{"Est. reading time":"7 minutes"},"schema":{"@context":"https:\/\/schema.org","@graph":[{"@type":"WebPage","@id":"https:\/\/www.christiania-pyrenees.com\/en\/cgv\/","url":"https:\/\/www.christiania-pyrenees.com\/en\/cgv\/","name":"CGV - H\u00f4tel Le Christiania","isPartOf":{"@id":"https:\/\/www.christiania-pyrenees.com\/#website"},"datePublished":"2022-08-27T15:41:38+00:00","dateModified":"2025-11-06T08:21:06+00:00","breadcrumb":{"@id":"https:\/\/www.christiania-pyrenees.com\/en\/cgv\/#breadcrumb"},"inLanguage":"en-US","potentialAction":[{"@type":"ReadAction","target":["https:\/\/www.christiania-pyrenees.com\/en\/cgv\/"]}]},{"@type":"BreadcrumbList","@id":"https:\/\/www.christiania-pyrenees.com\/en\/cgv\/#breadcrumb","itemListElement":[{"@type":"ListItem","position":1,"name":"Accueil","item":"https:\/\/www.christiania-pyrenees.com\/en\/"},{"@type":"ListItem","position":2,"name":"CGV"}]},{"@type":"WebSite","@id":"https:\/\/www.christiania-pyrenees.com\/#website","url":"https:\/\/www.christiania-pyrenees.com\/","name":"H\u00f4tel Le Christiania","description":"H\u00f4tel 3 \u00e9toiles \u00e0 Saint-Lary Soulan","publisher":{"@id":"https:\/\/www.christiania-pyrenees.com\/#organization"},"potentialAction":[{"@type":"SearchAction","target":{"@type":"EntryPoint","urlTemplate":"https:\/\/www.christiania-pyrenees.com\/?s={search_term_string}"},"query-input":{"@type":"PropertyValueSpecification","valueRequired":true,"valueName":"search_term_string"}}],"inLanguage":"en-US"},{"@type":"Organization","@id":"https:\/\/www.christiania-pyrenees.com\/#organization","name":"H\u00f4tel Le Christiania","url":"https:\/\/www.christiania-pyrenees.com\/","logo":{"@type":"ImageObject","inLanguage":"en-US","@id":"https:\/\/www.christiania-pyrenees.com\/#\/schema\/logo\/image\/","url":"https:\/\/www.christiania-pyrenees.com\/wp-content\/uploads\/2022\/08\/cropped-FavIcon_Christiania.png","contentUrl":"https:\/\/www.christiania-pyrenees.com\/wp-content\/uploads\/2022\/08\/cropped-FavIcon_Christiania.png","width":512,"height":512,"caption":"H\u00f4tel Le Christiania"},"image":{"@id":"https:\/\/www.christiania-pyrenees.com\/#\/schema\/logo\/image\/"},"sameAs":["https:\/\/www.facebook.com\/pages\/Htel-le-Christiania\/421636391524608","https:\/\/www.instagram.com\/hotel_le_christiania_st_lary\/"]}]}},"_links":{"self":[{"href":"https:\/\/www.christiania-pyrenees.com\/en\/wp-json\/wp\/v2\/pages\/741","targetHints":{"allow":["GET"]}}],"collection":[{"href":"https:\/\/www.christiania-pyrenees.com\/en\/wp-json\/wp\/v2\/pages"}],"about":[{"href":"https:\/\/www.christiania-pyrenees.com\/en\/wp-json\/wp\/v2\/types\/page"}],"author":[{"embeddable":true,"href":"https:\/\/www.christiania-pyrenees.com\/en\/wp-json\/wp\/v2\/users\/1"}],"replies":[{"embeddable":true,"href":"https:\/\/www.christiania-pyrenees.com\/en\/wp-json\/wp\/v2\/comments?post=741"}],"version-history":[{"count":14,"href":"https:\/\/www.christiania-pyrenees.com\/en\/wp-json\/wp\/v2\/pages\/741\/revisions"}],"predecessor-version":[{"id":1039,"href":"https:\/\/www.christiania-pyrenees.com\/en\/wp-json\/wp\/v2\/pages\/741\/revisions\/1039"}],"wp:attachment":[{"href":"https:\/\/www.christiania-pyrenees.com\/en\/wp-json\/wp\/v2\/media?parent=741"}],"curies":[{"name":"wp","href":"https:\/\/api.w.org\/{rel}","templated":true}]}}